{"id":3734,"date":"2021-07-07T15:55:34","date_gmt":"2021-07-07T15:55:34","guid":{"rendered":"https:\/\/brightline.agentworld.com\/como-reservar\/"},"modified":"2025-02-26T00:48:51","modified_gmt":"2025-02-26T00:48:51","slug":"como-reservar","status":"publish","type":"page","link":"https:\/\/brightline.agentworld.com\/es\/como-reservar\/","title":{"rendered":"C\u00f3mo reservar"},"content":{"rendered":"\n<div style=\"height:50px\" aria-hidden=\"true\" class=\"wp-block-spacer\"><\/div>\n\n<h2>C\u00f3mo reservar tarifas p\u00fablicas<\/h2>\n\n<figure class=\"wp-block-table is-style-stripes\"><table><thead><tr><th class=\"has-text-align-left\" data-align=\"left\"><strong>REGISTROS NATIVOS PARA<\/strong><\/th><th class=\"has-text-align-center\" data-align=\"center\"><strong>VISUALIZACI\u00d3N DE TARIFAS<\/strong><\/th><th class=\"has-text-align-center\" data-align=\"center\"><strong>PRECIOS<\/strong><\/th><\/tr><\/thead><tbody><tr><td class=\"has-text-align-left\" data-align=\"left\"><strong>AMADEUS<\/strong><\/td><td class=\"has-text-align-center\" data-align=\"center\">FQDMUCMLA\/AKM\/D19AUG\/R,U<\/td><td class=\"has-text-align-center\" data-align=\"center\">FXP\/R,U o FXX\/R,U<\/td><\/tr><tr><td class=\"has-text-align-left\" data-align=\"left\"><strong>WORLDSPAN<\/strong><\/td><td class=\"has-text-align-center\" data-align=\"center\">4FMUCMLASR-KM\/L19AUG<\/td><td class=\"has-text-align-center\" data-align=\"center\">4PFSR.SR<\/td><\/tr><tr><td class=\"has-text-align-left\" data-align=\"left\"><strong>GALILEO<\/strong><\/td><td class=\"has-text-align-center\" data-align=\"center\">FDMUCMLA15AUG\/KM:P<\/td><td class=\"has-text-align-center\" data-align=\"center\">FQ:P<\/td><\/tr><tr><td class=\"has-text-align-left\" data-align=\"left\"><strong>SABRE<\/strong><\/td><td class=\"has-text-align-center\" data-align=\"center\">FQMUCMLA19AUG\u00a5PV<\/td><td class=\"has-text-align-center\" data-align=\"center\">WPNCB\u00a5PV<\/td><\/tr><\/tbody><\/table><\/figure>\n<div style=\"height:30px\" aria-hidden=\"true\" class=\"wp-block-spacer\"><\/div>\n\n<h2>C\u00f3mo reservar tarifas privadas<\/h2>\n\n<div style=\"height:20px\" aria-hidden=\"true\" class=\"wp-block-spacer\"><\/div>\n\n<div class=\"wp-container-1 wp-block-buttons\">\n<div class=\"wp-block-button\"><a class=\"wp-block-button__link\" href=\"https:\/\/brightline.agentworld.com\/wp-content\/uploads\/2024\/04\/NATIVE-ENTRIES_KM_Malta-Airlines-GDS-Entries.xlsx\" target=\"_blank\" rel=\"noreferrer noopener\">Descargar la hoja de Excel<\/a><\/div>\n<\/div>\n\n<div style=\"height:40px\" aria-hidden=\"true\" class=\"wp-block-spacer\"><\/div>\n\n<p><strong>NOTA:<\/strong> en KM Malta Airlines, se puede solicitar un registro de tarifas de tipo C, que permitir\u00e1 redistribuir y a\u00f1adir margen, o un registro de tarifas de tipo L.<\/p>\n","protected":false},"excerpt":{"rendered":"<p>C\u00f3mo reservar tarifas p\u00fablicas REGISTROS NATIVOS PARA VISUALIZACI\u00d3N DE TARIFAS PRECIOS AMADEUS FQDMUCMLA\/AKM\/D19AUG\/R,U FXP\/R,U o FXX\/R,U WORLDSPAN 4FMUCMLASR-KM\/L19AUG 4PFSR.SR GALILEO FDMUCMLA15AUG\/KM:P FQ:P SABRE FQMUCMLA19AUG\u00a5PV WPNCB\u00a5PV C\u00f3mo reservar tarifas privadas NOTA: en KM Malta Airlines, se puede solicitar un registro de tarifas de tipo C, que permitir\u00e1 redistribuir y a\u00f1adir margen, o un registro de tarifas&hellip; <a class=\"more-link\" href=\"https:\/\/brightline.agentworld.com\/es\/como-reservar\/\">Continue reading <span class=\"screen-reader-text\">C\u00f3mo reservar<\/span><\/a><\/p>\n","protected":false},"author":1,"featured_media":0,"parent":0,"menu_order":0,"comment_status":"closed","ping_status":"closed","template":"","meta":[],"_links":{"self":[{"href":"https:\/\/brightline.agentworld.com\/es\/wp-json\/wp\/v2\/pages\/3734"}],"collection":[{"href":"https:\/\/brightline.agentworld.com\/es\/wp-json\/wp\/v2\/pages"}],"about":[{"href":"https:\/\/brightline.agentworld.com\/es\/wp-json\/wp\/v2\/types\/page"}],"author":[{"embeddable":true,"href":"https:\/\/brightline.agentworld.com\/es\/wp-json\/wp\/v2\/users\/1"}],"replies":[{"embeddable":true,"href":"https:\/\/brightline.agentworld.com\/es\/wp-json\/wp\/v2\/comments?post=3734"}],"version-history":[{"count":1,"href":"https:\/\/brightline.agentworld.com\/es\/wp-json\/wp\/v2\/pages\/3734\/revisions"}],"predecessor-version":[{"id":3737,"href":"https:\/\/brightline.agentworld.com\/es\/wp-json\/wp\/v2\/pages\/3734\/revisions\/3737"}],"wp:attachment":[{"href":"https:\/\/brightline.agentworld.com\/es\/wp-json\/wp\/v2\/media?parent=3734"}],"curies":[{"name":"wp","href":"https:\/\/api.w.org\/{rel}","templated":true}]}}